{"id":3146,"date":"2022-03-25T11:51:12","date_gmt":"2022-03-25T11:51:12","guid":{"rendered":"https:\/\/hotellerv1.themegoods.com\/beach\/?page_id=2"},"modified":"2025-03-17T15:18:55","modified_gmt":"2025-03-17T14:18:55","slug":"conditions-location","status":"publish","type":"page","link":"https:\/\/kervighouse.com\/nl\/conditions-location\/","title":{"rendered":"CONDITIONS DE LOCATION"},"content":{"rendered":"<div data-elementor-type=\"wp-page\" data-elementor-id=\"3146\" class=\"elementor elementor-3146\" data-elementor-post-type=\"page\">\n\t\t\t\t<div class=\"elementor-element elementor-element-61b48e5 e-flex e-con-boxed e-con e-parent\" data-id=\"61b48e5\" data-element_type=\"container\" data-settings=\"{&quot;background_background&quot;:&quot;classic&quot;}\">\n\t\t\t\t\t<div class=\"e-con-inner\">\n\t\t\t\t<div class=\"elementor-element elementor-element-4271b41 elementor-widget elementor-widget-text-editor\" data-id=\"4271b41\" data-element_type=\"widget\" data-widget_type=\"text-editor.default\">\n\t\t\t\t\t\t\t\t\t<p><b>Arriv\u00e9e <\/b>\u00a0\u00a0\u00a0\u00a0\u00a0Entre <b>16 heures <\/b>et<b> 18 heures<\/b>, merci de nous indiquer \u00e0 l\u2019avance votre heure d\u2019arriv\u00e9e.<\/p><p><b>D\u00e9part\u00a0 <\/b>\u00a0\u00a0\u00a0\u00a0Entre <b>9 heures <\/b>et<b> 11 heures<\/b>.<\/p><p>Une arriv\u00e9e plus tard ou un d\u00e9part plus t\u00f4t : merci de bien vouloir nous demander la faisabilit\u00e9.<\/p>\t\t\t\t\t\t\t\t<\/div>\n\t\t\t\t\t<\/div>\n\t\t\t\t<\/div>\n\t\t<div class=\"elementor-element elementor-element-18f4929 e-flex e-con-boxed e-con e-parent\" data-id=\"18f4929\" data-element_type=\"container\">\n\t\t\t\t\t<div class=\"e-con-inner\">\n\t\t\t\t<div class=\"elementor-element elementor-element-1d5ad40 elementor-widget elementor-widget-heading\" data-id=\"1d5ad40\" data-element_type=\"widget\" data-widget_type=\"heading.default\">\n\t\t\t\t\t<h3 class=\"elementor-heading-title elementor-size-default\">Nos prix \u00a0\u00a0<\/h3>\t\t\t\t<\/div>\n\t\t\t\t<div class=\"elementor-element elementor-element-1ab09f9 elementor-widget elementor-widget-text-editor\" data-id=\"1ab09f9\" data-element_type=\"widget\" data-widget_type=\"text-editor.default\">\n\t\t\t\t\t\t\t\t\t<p>Nos prix sont indiqu\u00e9s charges comprises (eau, \u00e9lectricit\u00e9, chauffage). Et en<b> \u00ab\u00a0tout inclus\u00a0\u00bb <\/b>(draps, serviettes de toilette &amp; de douche, torchons, \u00e9ponge \u00e0 vaisselle, et le m\u00e9nage).<\/p><p>Pour le g\u00eete avec une chemin\u00e9e : nous fournissons la premi\u00e8re b\u00fbche du 15 octobre au 15 avril.<\/p><p><b>T<\/b><b>axe de s\u00e9jour<\/b> encaiss\u00e9e et revers\u00e9e \u00e0 la commune du lieu de domiciliation du g\u00eete lou\u00e9. Le montant est calcul\u00e9 par nuit et par adulte (18 ans).<\/p>\t\t\t\t\t\t\t\t<\/div>\n\t\t\t\t\t<\/div>\n\t\t\t\t<\/div>\n\t\t<div class=\"elementor-element elementor-element-3f20efd e-flex e-con-boxed e-con e-parent\" data-id=\"3f20efd\" data-element_type=\"container\" data-settings=\"{&quot;background_background&quot;:&quot;classic&quot;}\">\n\t\t\t\t\t<div class=\"e-con-inner\">\n\t\t\t\t<div class=\"elementor-element elementor-element-36a57f0 elementor-widget elementor-widget-heading\" data-id=\"36a57f0\" data-element_type=\"widget\" data-widget_type=\"heading.default\">\n\t\t\t\t\t<h3 class=\"elementor-heading-title elementor-size-default\">Paiement<\/h3>\t\t\t\t<\/div>\n\t\t\t\t<div class=\"elementor-element elementor-element-66bb35c elementor-widget elementor-widget-text-editor\" data-id=\"66bb35c\" data-element_type=\"widget\" data-widget_type=\"text-editor.default\">\n\t\t\t\t\t\t\t\t\t<p>Le paiement de votre r\u00e9servation se fait directement via la plateforme. Toutefois, si vous souhaitez un paiement en plusieurs fois, c\u2019est possible. Pour cela merci de formuler votre demande dans l\u2019onglet CONTACT avant d\u2019effectuer votre r\u00e9servation. Nous vous transmettrons un RIB qui vous permettra de faire vos paiements. La r\u00e9servation deviendra effective lorsque nous aurons re\u00e7u un acompte de 40% du prix de votre s\u00e9jour. Le solde sera \u00e0 payer \u00e0 minima 15 jours votre arriv\u00e9e au g\u00eete. A d\u00e9faut, la r\u00e9servation du s\u00e9jour sera annul\u00e9e, sans remboursement des sommes d\u00e9j\u00e0 vers\u00e9es.<\/p>\t\t\t\t\t\t\t\t<\/div>\n\t\t\t\t\t<\/div>\n\t\t\t\t<\/div>\n\t\t<div class=\"elementor-element elementor-element-5457d4b e-flex e-con-boxed e-con e-parent\" data-id=\"5457d4b\" data-element_type=\"container\">\n\t\t\t\t\t<div class=\"e-con-inner\">\n\t\t\t\t<div class=\"elementor-element elementor-element-9a13af1 elementor-widget elementor-widget-heading\" data-id=\"9a13af1\" data-element_type=\"widget\" data-widget_type=\"heading.default\">\n\t\t\t\t\t<h3 class=\"elementor-heading-title elementor-size-default\">D\u00e9p\u00f4t de garantie remboursable <\/h3>\t\t\t\t<\/div>\n\t\t\t\t<div class=\"elementor-element elementor-element-f8cbd00 elementor-widget elementor-widget-text-editor\" data-id=\"f8cbd00\" data-element_type=\"widget\" data-widget_type=\"text-editor.default\">\n\t\t\t\t\t\t\t\t\t<p>Un d\u00e9p\u00f4t de garantie d&rsquo;un montant de <b>300 \u20ac est demand\u00e9 \u00e0 l&rsquo;arriv\u00e9e<\/b>. Payable en esp\u00e8ces ou par ch\u00e8que uniquement. Le d\u00e9p\u00f4t de garantie vous sera enti\u00e8rement rembours\u00e9, au moment du d\u00e9part, apr\u00e8s l\u2019\u00e9tat des lieux, et si aucun dommage n&rsquo;a \u00e9t\u00e9 constat\u00e9.<\/p>\t\t\t\t\t\t\t\t<\/div>\n\t\t\t\t\t<\/div>\n\t\t\t\t<\/div>\n\t\t<div class=\"elementor-element elementor-element-1270984 e-flex e-con-boxed e-con e-parent\" data-id=\"1270984\" data-element_type=\"container\" data-settings=\"{&quot;background_background&quot;:&quot;classic&quot;}\">\n\t\t\t\t\t<div class=\"e-con-inner\">\n\t\t\t\t<div class=\"elementor-element elementor-element-42a0a4b elementor-widget elementor-widget-heading\" data-id=\"42a0a4b\" data-element_type=\"widget\" data-widget_type=\"heading.default\">\n\t\t\t\t\t<h3 class=\"elementor-heading-title elementor-size-default\">Conditions d\u2019annulation  <\/h3>\t\t\t\t<\/div>\n\t\t\t\t<div class=\"elementor-element elementor-element-0eea900 elementor-widget elementor-widget-text-editor\" data-id=\"0eea900\" data-element_type=\"widget\" data-widget_type=\"text-editor.default\">\n\t\t\t\t\t\t\t\t\t<p>Toute annulation doit nous \u00eatre signal\u00e9e par email pour \u00eatre prise en compte.<\/p><ol><li>Annulation avant 30 jours avant l\u2019arriv\u00e9e : remboursement int\u00e9gral\u00a0<\/li><li>Annulation entre 30 et 15 jours avant l\u2019arriv\u00e9e : remboursement \u00e0 hauteur de 60%\u00a0<\/li><li>Annulation dans les 15 jours avant l\u2019arriv\u00e9e : aucun remboursement\u00a0<\/li><li>S\u00e9jour \u00e9court\u00e9 ou non pr\u00e9sentation \u00e0 l\u2019arriv\u00e9e : aucun remboursement.<\/li><\/ol><p>Une assurance est fortement conseill\u00e9e.<\/p>\t\t\t\t\t\t\t\t<\/div>\n\t\t\t\t\t<\/div>\n\t\t\t\t<\/div>\n\t\t<div class=\"elementor-element elementor-element-75825d0 e-flex e-con-boxed e-con e-parent\" data-id=\"75825d0\" data-element_type=\"container\">\n\t\t\t\t\t<div class=\"e-con-inner\">\n\t\t\t\t<div class=\"elementor-element elementor-element-a2a230b elementor-widget elementor-widget-heading\" data-id=\"a2a230b\" data-element_type=\"widget\" data-widget_type=\"heading.default\">\n\t\t\t\t\t<h3 class=\"elementor-heading-title elementor-size-default\">H\u00e9bergement<\/h3>\t\t\t\t<\/div>\n\t\t\t\t<div class=\"elementor-element elementor-element-b17fc50 elementor-widget elementor-widget-text-editor\" data-id=\"b17fc50\" data-element_type=\"widget\" data-widget_type=\"text-editor.default\">\n\t\t\t\t\t\t\t\t\t<p>La capacit\u00e9 maximum de chaque h\u00e9bergement doit \u00eatre respect\u00e9e, \u00e0 d\u00e9faut nous d\u00e9clencheront l\u2019annulation de votre s\u00e9jour, sans remboursement.<\/p>\n<p>Nos g\u00eetes sont <b>NON FUMEURS<\/b><\/p>\n<p>Les <b>animaux ne sont pas autoris\u00e9s <\/b>dans nos g\u00eetes. En cas de non-respect de cette obligation, nous nous r\u00e9servons le droit de refuser l&rsquo;acc\u00e8s au logement<\/p>\n<p>Les <b>f\u00eates \/ \u00e9v\u00e8nements ne sont pas autoris\u00e9s<\/b>. Le non respect de cette condition de location pourra entrainer l\u2019interruption de votre s\u00e9jour, sans remboursement.<\/p>\t\t\t\t\t\t\t\t<\/div>\n\t\t\t\t\t<\/div>\n\t\t\t\t<\/div>\n\t\t<div class=\"elementor-element elementor-element-d70a682 e-flex e-con-boxed e-con e-parent\" data-id=\"d70a682\" data-element_type=\"container\" data-settings=\"{&quot;background_background&quot;:&quot;classic&quot;}\">\n\t\t\t\t\t<div class=\"e-con-inner\">\n\t\t\t\t<div class=\"elementor-element elementor-element-df47546 elementor-widget elementor-widget-heading\" data-id=\"df47546\" data-element_type=\"widget\" data-widget_type=\"heading.default\">\n\t\t\t\t\t<h3 class=\"elementor-heading-title elementor-size-default\">S\u00e9jour<\/h3>\t\t\t\t<\/div>\n\t\t\t\t<div class=\"elementor-element elementor-element-b6f0998 elementor-widget elementor-widget-text-editor\" data-id=\"b6f0998\" data-element_type=\"widget\" data-widget_type=\"text-editor.default\">\n\t\t\t\t\t\t\t\t\t<p>Nous resterons joignables et disponibles pendant toute la dur\u00e9e de votre s\u00e9jour, pour r\u00e9pondre \u00e0 d\u2019\u00e9ventuelles questions. Si toutefois vous deviez rencontrer une difficult\u00e9, une panne de mat\u00e9riel\u2026.<b>ne cherchez pas \u00e0 r\u00e9parer vous-m\u00eame, APPELEZ-NOUS<\/b>, nous vous d\u00e9pannerons dans les meilleurs d\u00e9lais.<\/p>\t\t\t\t\t\t\t\t<\/div>\n\t\t\t\t\t<\/div>\n\t\t\t\t<\/div>\n\t\t<div class=\"elementor-element elementor-element-a39e97e e-flex e-con-boxed e-con e-parent\" data-id=\"a39e97e\" data-element_type=\"container\">\n\t\t\t\t\t<div class=\"e-con-inner\">\n\t\t\t\t<div class=\"elementor-element elementor-element-89d28b0 elementor-widget elementor-widget-heading\" data-id=\"89d28b0\" data-element_type=\"widget\" data-widget_type=\"heading.default\">\n\t\t\t\t\t<h3 class=\"elementor-heading-title elementor-size-default\">Votre arriv\u00e9e    <\/h3>\t\t\t\t<\/div>\n\t\t\t\t<div class=\"elementor-element elementor-element-ea1aea4 elementor-widget elementor-widget-text-editor\" data-id=\"ea1aea4\" data-element_type=\"widget\" data-widget_type=\"text-editor.default\">\n\t\t\t\t\t\t\t\t\t<p>A votre arriv\u00e9e, un \u00e9tat des lieux sera valid\u00e9 ensemble.<\/p>\n<p>Les installations et \u00e9quipements de nos g\u00eetes sont r\u00e9put\u00e9s en \u00e9tat de fonctionnement \u00e0 la date et \u00e0 l\u2019heure d\u2019entr\u00e9e dans les lieux. Une r\u00e9clamation adress\u00e9e par le locataire au-del\u00e0 de 24 heures apr\u00e8s son entr\u00e9e dans les lieux ne pourra \u00eatre admise.<\/p>\n<h3><b>V<\/b><b>otre d\u00e9part<\/b>\u00a0\u00a0\u00a0<\/h3>\n<p>A votre d\u00e9part nous referons ensemble un \u00e9tat des lieux.<\/p>\n<p>Le d\u00e9p\u00f4t de garantie sera restitu\u00e9, si l&rsquo;\u00e9tat des lieux de sortie ne fait appara\u00eetre aucune d\u00e9gradation, casse, perte ou salet\u00e9 excessive constat\u00e9e. Toute perte ou d\u00e9gradation sera factur\u00e9e au prix du remplacement \u00e0 neuf et d\u00e9duit du d\u00e9p\u00f4t de garantie.<\/p>\n<h3><b>M<\/b><b>\u00e9nage<\/b>\u00a0\u00a0<\/h3>\n<p>Un forfait m\u00e9nage est inclus dans le prix de votre s\u00e9jour, toutefois, nous vous demandons de bien vouloir respecter les lieux que nous mettons \u00e0 votre disposition. Aussi, si nous devions constater un \u00e9tat d\u00e9grad\u00e9 du g\u00eete ou une salet\u00e9 excessive\/anormale, nous serions dans l\u2019obligation de vous demander un <b>suppl\u00e9ment nettoyage de 25\u20ac.<\/b><\/p>\n<p>De m\u00eame, si nous devions constater des t\u00e2ches (alimentaires, sang\u2026) sur les canap\u00e9s, les fauteuils, ou sur les draps, un <b>suppl\u00e9ment \u00ab\u00a0pressing\u00a0\u00bb de 35\u20ac <\/b>vous sera demand\u00e9.<\/p>\n<p><b>Avant votre d\u00e9part<\/b>, vous avez \u00e0 nettoyer &amp; ranger la vaisselle utilis\u00e9e, vider le lave vaisselle, nettoyer les appareils \u00e9lectrom\u00e9nagers utilis\u00e9s telle que la cafeti\u00e8re ou le grille pain, sortir les poubelles, passer un coup de balai. Laisser le g\u00eete dans un \u00e9tat correct.<\/p>\t\t\t\t\t\t\t\t<\/div>\n\t\t\t\t\t<\/div>\n\t\t\t\t<\/div>\n\t\t<div class=\"elementor-element elementor-element-f563052 e-flex e-con-boxed e-con e-parent\" data-id=\"f563052\" data-element_type=\"container\" data-settings=\"{&quot;background_background&quot;:&quot;classic&quot;}\">\n\t\t\t\t\t<div class=\"e-con-inner\">\n\t\t\t\t<div class=\"elementor-element elementor-element-4c7aed1 elementor-widget elementor-widget-heading\" data-id=\"4c7aed1\" data-element_type=\"widget\" data-widget_type=\"heading.default\">\n\t\t\t\t\t<h3 class=\"elementor-heading-title elementor-size-default\">Assurance vill\u00e9giature <\/h3>\t\t\t\t<\/div>\n\t\t\t\t<div class=\"elementor-element elementor-element-efa0b94 elementor-widget elementor-widget-text-editor\" data-id=\"efa0b94\" data-element_type=\"widget\" data-widget_type=\"text-editor.default\">\n\t\t\t\t\t\t\t\t\t<p>Informez-vous aupr\u00e8s de votre compagnie d&rsquo;assurances et v\u00e9rifiez si votre contrat multirisque habitation comporte une extension pour les locations de vacances. Dans le cas contraire, il est conseill\u00e9 de contracter une assurance vill\u00e9giature.<\/p>\t\t\t\t\t\t\t\t<\/div>\n\t\t\t\t\t<\/div>\n\t\t\t\t<\/div>\n\t\t\t\t<\/div>","protected":false},"excerpt":{"rendered":"<p>Arriv\u00e9e \u00a0\u00a0\u00a0\u00a0\u00a0Entre 16 heures et 18 heures, merci de nous indiquer \u00e0 l\u2019avance votre heure d\u2019arriv\u00e9e. D\u00e9part\u00a0 \u00a0\u00a0\u00a0\u00a0Entre 9 heures et 11 heures. Une arriv\u00e9e plus tard ou un d\u00e9part plus t\u00f4t : merci de bien vouloir nous demander la faisabilit\u00e9. Nos prix \u00a0\u00a0 Nos prix sont indiqu\u00e9s charges comprises (eau, \u00e9lectricit\u00e9, chauffage). Et en &#8230;<\/p>","protected":false},"author":2,"featured_media":0,"parent":0,"menu_order":0,"comment_status":"closed","ping_status":"open","template":"elementor_header_footer","meta":{"cozystay_single_page_hide_site_header":"","cozystay_single_page_site_header_source":"","cozystay_single_page_custom_site_header":"0","cozystay_single_page_custom_sticky_site_header":"0","cozystay_single_page_hide_page_title":"","cozystay_single_page_header_section_size":"","cozystay_single_page_header_background_color":"","cozystay_single_page_header_background_position_x":"center","cozystay_single_page_header_background_position_y":"center","cozystay_single_page_header_background_size":"cover","cozystay_single_page_header_background_repeat":"off","cozystay_single_page_header_background_scroll":"on","cozystay_single_page_header_text_color":"","cozystay_single_page_header_show_breadcrumb":"","cozystay_single_page_site_footer_hide_main":"","cozystay_single_custom_site_footer_main_source":"","cozystay_single_custom_site_footer_main":"0","cozystay_single_page_site_footer_hide_above":"","cozystay_single_custom_site_footer_above_source":"","cozystay_single_custom_site_footer_above":"0","cozystay_single_page_site_footer_hide_instagram":"","cozystay_single_page_site_footer_hide_bottom":"","cozystay_single_custom_mobile_menu_source":"","cozystay_single_custom_mobile_menu":"0","cozystay_single_custom_mobile_menu_animation":"","cozystay_single_custom_mobile_menu_width":"","cozystay_single_custom_mobile_menu_custom_width":375,"footnotes":""},"class_list":["post-3146","page","type-page","status-publish","hentry"],"yoast_head":"<!-- This site is optimized with the Yoast SEO plugin v26.2 - https:\/\/yoast.com\/wordpress\/plugins\/seo\/ -->\n<title>CONDITIONS DE LOCATION - Kervig House<\/title>\n<meta name=\"robots\" content=\"index, follow, max-snippet:-1, max-image-preview:large, max-video-preview:-1\" \/>\n<link rel=\"canonical\" href=\"https:\/\/kervighouse.com\/nl\/conditions-location\/\" \/>\n<meta property=\"og:locale\" content=\"nl_NL\" \/>\n<meta property=\"og:type\" content=\"article\" \/>\n<meta property=\"og:title\" content=\"CONDITIONS DE LOCATION - Kervig House\" \/>\n<meta property=\"og:description\" content=\"Arriv\u00e9e \u00a0\u00a0\u00a0\u00a0\u00a0Entre 16 heures et 18 heures, merci de nous indiquer \u00e0 l\u2019avance votre heure d\u2019arriv\u00e9e. D\u00e9part\u00a0 \u00a0\u00a0\u00a0\u00a0Entre 9 heures et 11 heures. Une arriv\u00e9e plus tard ou un d\u00e9part plus t\u00f4t : merci de bien vouloir nous demander la faisabilit\u00e9. Nos prix \u00a0\u00a0 Nos prix sont indiqu\u00e9s charges comprises (eau, \u00e9lectricit\u00e9, chauffage). Et en ...\" \/>\n<meta property=\"og:url\" content=\"https:\/\/kervighouse.com\/nl\/conditions-location\/\" \/>\n<meta property=\"og:site_name\" content=\"Kervig House\" \/>\n<meta property=\"article:modified_time\" content=\"2025-03-17T14:18:55+00:00\" \/>\n<meta name=\"twitter:card\" content=\"summary_large_image\" \/>\n<meta name=\"twitter:label1\" content=\"Geschatte leestijd\" \/>\n\t<meta name=\"twitter:data1\" content=\"4 minuten\" \/>\n<script type=\"application\/ld+json\" class=\"yoast-schema-graph\">{\"@context\":\"https:\/\/schema.org\",\"@graph\":[{\"@type\":\"WebPage\",\"@id\":\"https:\/\/kervighouse.com\/conditions-location\/\",\"url\":\"https:\/\/kervighouse.com\/conditions-location\/\",\"name\":\"CONDITIONS DE LOCATION - Kervig House\",\"isPartOf\":{\"@id\":\"https:\/\/kervighouse.com\/#website\"},\"datePublished\":\"2022-03-25T11:51:12+00:00\",\"dateModified\":\"2025-03-17T14:18:55+00:00\",\"breadcrumb\":{\"@id\":\"https:\/\/kervighouse.com\/conditions-location\/#breadcrumb\"},\"inLanguage\":\"nl-NL\",\"potentialAction\":[{\"@type\":\"ReadAction\",\"target\":[\"https:\/\/kervighouse.com\/conditions-location\/\"]}]},{\"@type\":\"BreadcrumbList\",\"@id\":\"https:\/\/kervighouse.com\/conditions-location\/#breadcrumb\",\"itemListElement\":[{\"@type\":\"ListItem\",\"position\":1,\"name\":\"Home\",\"item\":\"https:\/\/kervighouse.com\/\"},{\"@type\":\"ListItem\",\"position\":2,\"name\":\"CONDITIONS DE LOCATION\"}]},{\"@type\":\"WebSite\",\"@id\":\"https:\/\/kervighouse.com\/#website\",\"url\":\"https:\/\/kervighouse.com\/\",\"name\":\"Kervig House\",\"description\":\"Gites en Bretagne\",\"publisher\":{\"@id\":\"https:\/\/kervighouse.com\/#organization\"},\"potentialAction\":[{\"@type\":\"SearchAction\",\"target\":{\"@type\":\"EntryPoint\",\"urlTemplate\":\"https:\/\/kervighouse.com\/?s={search_term_string}\"},\"query-input\":{\"@type\":\"PropertyValueSpecification\",\"valueRequired\":true,\"valueName\":\"search_term_string\"}}],\"inLanguage\":\"nl-NL\"},{\"@type\":\"Organization\",\"@id\":\"https:\/\/kervighouse.com\/#organization\",\"name\":\"Kervig House\",\"url\":\"https:\/\/kervighouse.com\/\",\"logo\":{\"@type\":\"ImageObject\",\"inLanguage\":\"nl-NL\",\"@id\":\"https:\/\/kervighouse.com\/#\/schema\/logo\/image\/\",\"url\":\"https:\/\/kervighouse.com\/wp-content\/uploads\/2025\/03\/logo-2-transparent-png.png\",\"contentUrl\":\"https:\/\/kervighouse.com\/wp-content\/uploads\/2025\/03\/logo-2-transparent-png.png\",\"width\":4000,\"height\":1738,\"caption\":\"Kervig House\"},\"image\":{\"@id\":\"https:\/\/kervighouse.com\/#\/schema\/logo\/image\/\"}}]}<\/script>\n<!-- \/ Yoast SEO plugin. -->","yoast_head_json":{"title":"CONDITIONS DE LOCATION - Kervig House","robots":{"index":"index","follow":"follow","max-snippet":"max-snippet:-1","max-image-preview":"max-image-preview:large","max-video-preview":"max-video-preview:-1"},"canonical":"https:\/\/kervighouse.com\/nl\/conditions-location\/","og_locale":"nl_NL","og_type":"article","og_title":"CONDITIONS DE LOCATION - Kervig House","og_description":"Arriv\u00e9e \u00a0\u00a0\u00a0\u00a0\u00a0Entre 16 heures et 18 heures, merci de nous indiquer \u00e0 l\u2019avance votre heure d\u2019arriv\u00e9e. D\u00e9part\u00a0 \u00a0\u00a0\u00a0\u00a0Entre 9 heures et 11 heures. Une arriv\u00e9e plus tard ou un d\u00e9part plus t\u00f4t : merci de bien vouloir nous demander la faisabilit\u00e9. Nos prix \u00a0\u00a0 Nos prix sont indiqu\u00e9s charges comprises (eau, \u00e9lectricit\u00e9, chauffage). Et en ...","og_url":"https:\/\/kervighouse.com\/nl\/conditions-location\/","og_site_name":"Kervig House","article_modified_time":"2025-03-17T14:18:55+00:00","twitter_card":"summary_large_image","twitter_misc":{"Geschatte leestijd":"4 minuten"},"schema":{"@context":"https:\/\/schema.org","@graph":[{"@type":"WebPage","@id":"https:\/\/kervighouse.com\/conditions-location\/","url":"https:\/\/kervighouse.com\/conditions-location\/","name":"CONDITIONS DE LOCATION - Kervig House","isPartOf":{"@id":"https:\/\/kervighouse.com\/#website"},"datePublished":"2022-03-25T11:51:12+00:00","dateModified":"2025-03-17T14:18:55+00:00","breadcrumb":{"@id":"https:\/\/kervighouse.com\/conditions-location\/#breadcrumb"},"inLanguage":"nl-NL","potentialAction":[{"@type":"ReadAction","target":["https:\/\/kervighouse.com\/conditions-location\/"]}]},{"@type":"BreadcrumbList","@id":"https:\/\/kervighouse.com\/conditions-location\/#breadcrumb","itemListElement":[{"@type":"ListItem","position":1,"name":"Home","item":"https:\/\/kervighouse.com\/"},{"@type":"ListItem","position":2,"name":"CONDITIONS DE LOCATION"}]},{"@type":"WebSite","@id":"https:\/\/kervighouse.com\/#website","url":"https:\/\/kervighouse.com\/","name":"Kervig House","description":"Gites en Bretagne","publisher":{"@id":"https:\/\/kervighouse.com\/#organization"},"potentialAction":[{"@type":"SearchAction","target":{"@type":"EntryPoint","urlTemplate":"https:\/\/kervighouse.com\/?s={search_term_string}"},"query-input":{"@type":"PropertyValueSpecification","valueRequired":true,"valueName":"search_term_string"}}],"inLanguage":"nl-NL"},{"@type":"Organization","@id":"https:\/\/kervighouse.com\/#organization","name":"Kervig House","url":"https:\/\/kervighouse.com\/","logo":{"@type":"ImageObject","inLanguage":"nl-NL","@id":"https:\/\/kervighouse.com\/#\/schema\/logo\/image\/","url":"https:\/\/kervighouse.com\/wp-content\/uploads\/2025\/03\/logo-2-transparent-png.png","contentUrl":"https:\/\/kervighouse.com\/wp-content\/uploads\/2025\/03\/logo-2-transparent-png.png","width":4000,"height":1738,"caption":"Kervig House"},"image":{"@id":"https:\/\/kervighouse.com\/#\/schema\/logo\/image\/"}}]}},"_links":{"self":[{"href":"https:\/\/kervighouse.com\/nl\/wp-json\/wp\/v2\/pages\/3146","targetHints":{"allow":["GET"]}}],"collection":[{"href":"https:\/\/kervighouse.com\/nl\/wp-json\/wp\/v2\/pages"}],"about":[{"href":"https:\/\/kervighouse.com\/nl\/wp-json\/wp\/v2\/types\/page"}],"author":[{"embeddable":true,"href":"https:\/\/kervighouse.com\/nl\/wp-json\/wp\/v2\/users\/2"}],"replies":[{"embeddable":true,"href":"https:\/\/kervighouse.com\/nl\/wp-json\/wp\/v2\/comments?post=3146"}],"version-history":[{"count":12,"href":"https:\/\/kervighouse.com\/nl\/wp-json\/wp\/v2\/pages\/3146\/revisions"}],"predecessor-version":[{"id":3725,"href":"https:\/\/kervighouse.com\/nl\/wp-json\/wp\/v2\/pages\/3146\/revisions\/3725"}],"wp:attachment":[{"href":"https:\/\/kervighouse.com\/nl\/wp-json\/wp\/v2\/media?parent=3146"}],"curies":[{"name":"wp","href":"https:\/\/api.w.org\/{rel}","templated":true}]}}